{"id":629,"date":"2024-09-27T20:30:22","date_gmt":"2024-09-28T01:30:22","guid":{"rendered":"https:\/\/www.cesenvironmentalsolutions.com\/?page_id=629"},"modified":"2025-08-16T19:12:30","modified_gmt":"2025-08-17T00:12:30","slug":"rfcthanks","status":"publish","type":"page","link":"https:\/\/www.cesenvironmentalsolutions.com\/index.php\/ces\/rfc\/rfc-pagar-competidores\/rfcthanks\/","title":{"rendered":"Gracias"},"content":{"rendered":"\n<h2 class=\"wp-block-heading has-text-align-center\">El RFC Am\u00e9ricas Colombia agradece tu compromiso con la sostenibilidad<\/h2>\n\n\n\n<p class=\"has-text-align-center\">Recibir\u00e1s a tu correo electr\u00f3nico un certificado por haber contribuido a compensar las emisiones de carbono generadas por el evento, el cual podr\u00e1s compartir. Recuerda revisar tu correo spam.<\/p>\n\n\n\n<figure class=\"wp-block-image aligncenter size-large is-resized\"><img loading=\"lazy\" decoding=\"async\" width=\"877\" height=\"1024\" src=\"https:\/\/www.cesenvironmentalsolutions.com\/wp-content\/uploads\/2025\/08\/IMG_4743-2-877x1024.jpg\" alt=\"\" class=\"wp-image-1055\" style=\"width:356px;height:auto\" srcset=\"https:\/\/www.cesenvironmentalsolutions.com\/wp-content\/uploads\/2025\/08\/IMG_4743-2-877x1024.jpg 877w, https:\/\/www.cesenvironmentalsolutions.com\/wp-content\/uploads\/2025\/08\/IMG_4743-2-257x300.jpg 257w, https:\/\/www.cesenvironmentalsolutions.com\/wp-content\/uploads\/2025\/08\/IMG_4743-2.jpg 1370w\" sizes=\"auto, (max-width: 877px) 100vw, 877px\" \/><\/figure>\n\n\n\n<p><\/p>\n\n\n\n<p>Si deseas reducir la huella de carbono de tu empresa u organizaci\u00f3n y acceder a los certificados de responsabilidad ambiental o si deseas obtener beneficios tributarios, no causaci\u00f3n del impuesto al carbono y mejoramiento de imagen corporativa, cont\u00e1ctanos a trav\u00e9s de nuestra pagina <a href=\"https:\/\/www.cesenvironmentalsolutions.com\/index.php\/contact\/\">https:\/\/www.cesenvironmentalsolutions.com\/index.php\/contact\/<\/a> o al numero de <a href=\"https:\/\/wa.link\/6qf38n\">WhatsApp +1 773 888 1447<\/a> y con gusto te enviaremos una oferta de servicios.<\/p>\n\n\n\n<p><\/p>\n","protected":false},"excerpt":{"rendered":"<p>El RFC Am\u00e9ricas Colombia agradece tu compromiso con la sostenibilidad Recibir\u00e1s a tu correo electr\u00f3nico un certificado por haber contribuido a compensar las emisiones de carbono generadas por el evento, el cual podr\u00e1s compartir. Recuerda revisar tu correo spam. Si deseas reducir la huella de carbono de tu empresa u organizaci\u00f3n y acceder a los &hellip; <\/p>\n<p class=\"link-more\"><a href=\"https:\/\/www.cesenvironmentalsolutions.com\/index.php\/ces\/rfc\/rfc-pagar-competidores\/rfcthanks\/\" class=\"more-link\">Read more<span class=\"screen-reader-text\"> &#8220;Gracias&#8221;<\/span><\/a><\/p>\n","protected":false},"author":2,"featured_media":0,"parent":723,"menu_order":0,"comment_status":"closed","ping_status":"closed","template":"","meta":{"inspiro_hide_title":false,"footnotes":""},"class_list":["post-629","page","type-page","status-publish","hentry"],"_links":{"self":[{"href":"https:\/\/www.cesenvironmentalsolutions.com\/index.php\/wp-json\/wp\/v2\/pages\/629","targetHints":{"allow":["GET"]}}],"collection":[{"href":"https:\/\/www.cesenvironmentalsolutions.com\/index.php\/wp-json\/wp\/v2\/pages"}],"about":[{"href":"https:\/\/www.cesenvironmentalsolutions.com\/index.php\/wp-json\/wp\/v2\/types\/page"}],"author":[{"embeddable":true,"href":"https:\/\/www.cesenvironmentalsolutions.com\/index.php\/wp-json\/wp\/v2\/users\/2"}],"replies":[{"embeddable":true,"href":"https:\/\/www.cesenvironmentalsolutions.com\/index.php\/wp-json\/wp\/v2\/comments?post=629"}],"version-history":[{"count":8,"href":"https:\/\/www.cesenvironmentalsolutions.com\/index.php\/wp-json\/wp\/v2\/pages\/629\/revisions"}],"predecessor-version":[{"id":1061,"href":"https:\/\/www.cesenvironmentalsolutions.com\/index.php\/wp-json\/wp\/v2\/pages\/629\/revisions\/1061"}],"up":[{"embeddable":true,"href":"https:\/\/www.cesenvironmentalsolutions.com\/index.php\/wp-json\/wp\/v2\/pages\/723"}],"wp:attachment":[{"href":"https:\/\/www.cesenvironmentalsolutions.com\/index.php\/wp-json\/wp\/v2\/media?parent=629"}],"curies":[{"name":"wp","href":"https:\/\/api.w.org\/{rel}","templated":true}]}}